
{"id":22,"date":"2021-09-14T12:13:33","date_gmt":"2021-09-14T10:13:33","guid":{"rendered":"https:\/\/zp1.edu.wroclaw.pl\/?page_id=22"},"modified":"2025-03-05T11:43:33","modified_gmt":"2025-03-05T10:43:33","slug":"o-nas","status":"publish","type":"page","link":"https:\/\/zp1.edu.wroclaw.pl\/index.php\/o-nas\/","title":{"rendered":"O nas"},"content":{"rendered":"<div class=\"wpb-content-wrapper\"><p>[vc_row][vc_column width=&#8221;1\/12&#8243;][\/vc_column][vc_column width=&#8221;1\/2&#8243;][vc_column_text]<em>Nasze przedszkole zapewnia\u00a0<strong>wszechstronny, bezpieczny, radosny rozw\u00f3j<\/strong>\u00a0wszystkim swoim wychowankom<\/em><\/p>\n<p><em>Ka\u017cde dziecko traktujemy indywidualnie i podmiotowo.<\/em><\/p>\n<p><em>Sprawiamy, \u017ce\u00a0<strong>czuj\u0119 si\u0119 ono kochane, akceptowane i szcz\u0119\u015bliwe<\/strong>. Przygotowujemy je do prze\u017cywania sukcesu i radzenia sobie z pora\u017ckami.<\/em><\/p>\n<p><b><i>Kadra pedagogiczna<\/i><\/b><i>\u00a0to\u00a0<b>wykszta\u0142ceni nauczyciele<\/b>,\u00a0<b>wra\u017cliwi, o wysokiej kulturze osobistej<\/b>, kt\u00f3rzy tworz\u0105 kreatywny zesp\u00f3\u0142 wdra\u017caj\u0105cy nowatorskie metody w zakresie nauczania przedszkolnego i artystycznego.<\/i>[\/vc_column_text][\/vc_column][vc_column width=&#8221;1\/3&#8243;][vc_column_text css=&#8221;&#8221;]<img loading=\"lazy\" decoding=\"async\" class=\"alignnone size-medium wp-image-593\" src=\"https:\/\/zp1.edu.wroclaw.pl\/wp-content\/uploads\/sites\/67\/2025\/03\/14-300x202.jpeg\" alt=\"\" width=\"300\" height=\"202\" srcset=\"https:\/\/zp1.edu.wroclaw.pl\/wp-content\/uploads\/sites\/67\/2025\/03\/14-300x202.jpeg 300w, https:\/\/zp1.edu.wroclaw.pl\/wp-content\/uploads\/sites\/67\/2025\/03\/14-1024x689.jpeg 1024w, https:\/\/zp1.edu.wroclaw.pl\/wp-content\/uploads\/sites\/67\/2025\/03\/14-768x516.jpeg 768w, https:\/\/zp1.edu.wroclaw.pl\/wp-content\/uploads\/sites\/67\/2025\/03\/14.jpeg 1111w\" sizes=\"auto, (max-width: 300px) 100vw, 300px\" \/>[\/vc_column_text][\/vc_column][\/vc_row][vc_row][vc_column css=&#8221;.vc_custom_1633696640472{background: #007e9e url(https:\/\/przedszkole94.edu.wroclaw.pl\/wp-content\/uploads\/sites\/47\/2020\/11\/bg-vector2.png?id=147) !important;}&#8221;][vc_tta_tabs color=&#8221;white&#8221; active_section=&#8221;1&#8243;][vc_tta_section title=&#8221;Zasady organizacji&#8221; tab_id=&#8221;1605250703334-8a76a989-054b&#8221;][vc_column_text css=&#8221;&#8221;]<\/p>\n<h2><span style=\"font-size: 24pt;color: #007e9e\">Zasady organizacji<\/span><\/h2>\n<h3 data-start=\"134\" data-end=\"172\"><strong data-start=\"138\" data-end=\"170\">1. Godziny pracy przedszkola<\/strong><\/h3>\n<ul data-start=\"173\" data-end=\"268\">\n<li data-start=\"173\" data-end=\"217\">Przedszkole czynne od <strong data-start=\"197\" data-end=\"214\">6:30 do 17:00<\/strong>.<\/li>\n<li data-start=\"218\" data-end=\"268\">\n<div class=\"x11i5rnm xat24cr x1mh8g0r x1vvkbs xtlvy1s x126k92a\">\n<div dir=\"auto\">W godzinach od 6:30 do 7:00 wszystkie dzieci b\u0119d\u0105 zbiera\u0142y si\u0119 w tej samej grupie,\u00a0 tzw. grupie zbiorczej, w kt\u00f3rej Pa\u0144stwa dzieci b\u0119d\u0105 mog\u0142y spokojnie rozpocz\u0105\u0107 sw\u00f3j dzie\u0144. Grupa III ,,Odkrywcy\u201d zostaje w tej sali<\/div>\n<\/div>\n<div class=\"x11i5rnm xat24cr x1mh8g0r x1vvkbs xtlvy1s x126k92a\">\n<div dir=\"auto\">-Od godziny 7:00 grupy I i II przechodz\u0105 do sali obok<\/div>\n<div dir=\"auto\">-7:30 grupa I ,,Sportowcy\u201d przechodzi do swojej sali (na ko\u0144cu korytarza), grupa II ,,Przyrodnicy\u201d zostaj\u0105 w swojej sali<\/div>\n<div dir=\"auto\">-Od godziny 7:00 starsze dzieci przechodz\u0105 na g\u00f3r\u0119 (druga sala od wej\u015bcia przy windzie) &#8211; grupa IV ,,Podr\u00f3\u017cnicy\u201d ju\u017c tam zostaje<\/div>\n<div dir=\"auto\">-7:30 grupa V ,,Arty\u015bci\u201d przenosz\u0105 si\u0119 do przedostatniej sali na ko\u0144cu korytarza<\/div>\n<div dir=\"auto\">-8:00 grupa VI ,,Wroc\u0142awskie Krasnale\u201d przenosi si\u0119 do grupy obok ,,Podr\u00f3\u017cnik\u00f3w\u201d<\/div>\n<\/div>\n<\/li>\n<\/ul>\n<h3 data-start=\"270\" data-end=\"325\"><strong data-start=\"274\" data-end=\"323\">2. Zasady przyprowadzania i odbierania dzieci<\/strong><\/h3>\n<ul data-start=\"326\" data-end=\"543\">\n<li data-start=\"326\" data-end=\"399\">Dzieci mo\u017cna przyprowadza\u0107 do godziny <strong data-start=\"366\" data-end=\"374\">8:30<\/strong> (lub innej ustalonej).<\/li>\n<li>Od godziny<strong> 8:30 do 14:00<\/strong> przedszkole jest zamykane w celu zapewnienia bezpiecze\u0144stwa podopiecznym. W przypadku sp\u00f3\u017anienia, b\u0105d\u017a wcze\u015bniejszego odbioru dziecka prosimy o<strong><span style=\"text-decoration: underline\"> skorzystanie z dzwonka<\/span><\/strong>.<\/li>\n<li data-start=\"400\" data-end=\"465\">Odbi\u00f3r dzieci wy\u0142\u0105cznie przez rodzic\u00f3w lub upowa\u017cnione osoby.<\/li>\n<li data-start=\"466\" data-end=\"543\">Konieczno\u015b\u0107 pisemnego upowa\u017cnienia dla innych os\u00f3b odbieraj\u0105cych dziecko.<\/li>\n<\/ul>\n<p>[\/vc_column_text][\/vc_tta_section][vc_tta_section title=&#8221;Galeria&#8221; tab_id=&#8221;1605250668837-7527aef5-64e1&#8243;][vc_gallery type=&#8221;image_grid&#8221; images=&#8221;573,574,575,588,584,591&#8243; css=&#8221;&#8221;][\/vc_tta_section][\/vc_tta_tabs][\/vc_column][\/vc_row]<\/p>\n<\/div>","protected":false},"excerpt":{"rendered":"<p>[vc_row][vc_column width=&#8221;1\/12&#8243;][\/vc_column][vc_column width=&#8221;1\/2&#8243;][vc_column_text]Nasze przedszkole zapewnia\u00a0wszechstronny, bezpieczny, radosny rozw\u00f3j\u00a0wszystkim swoim wychowankom Ka\u017cde dziecko traktujemy indywidualnie i podmiotowo. Sprawiamy, \u017ce\u00a0czuj\u0119 si\u0119 ono kochane, akceptowane i szcz\u0119\u015bliwe. Przygotowujemy je do prze\u017cywania sukcesu i [&hellip;]<\/p>\n","protected":false},"author":7,"featured_media":0,"parent":0,"menu_order":0,"comment_status":"closed","ping_status":"closed","template":"","meta":{"ngg_post_thumbnail":0,"footnotes":""},"class_list":["post-22","page","type-page","status-publish","hentry","clearfix"],"_links":{"self":[{"href":"https:\/\/zp1.edu.wroclaw.pl\/index.php\/wp-json\/wp\/v2\/pages\/22","targetHints":{"allow":["GET"]}}],"collection":[{"href":"https:\/\/zp1.edu.wroclaw.pl\/index.php\/wp-json\/wp\/v2\/pages"}],"about":[{"href":"https:\/\/zp1.edu.wroclaw.pl\/index.php\/wp-json\/wp\/v2\/types\/page"}],"author":[{"embeddable":true,"href":"https:\/\/zp1.edu.wroclaw.pl\/index.php\/wp-json\/wp\/v2\/users\/7"}],"replies":[{"embeddable":true,"href":"https:\/\/zp1.edu.wroclaw.pl\/index.php\/wp-json\/wp\/v2\/comments?post=22"}],"version-history":[{"count":23,"href":"https:\/\/zp1.edu.wroclaw.pl\/index.php\/wp-json\/wp\/v2\/pages\/22\/revisions"}],"predecessor-version":[{"id":594,"href":"https:\/\/zp1.edu.wroclaw.pl\/index.php\/wp-json\/wp\/v2\/pages\/22\/revisions\/594"}],"wp:attachment":[{"href":"https:\/\/zp1.edu.wroclaw.pl\/index.php\/wp-json\/wp\/v2\/media?parent=22"}],"curies":[{"name":"wp","href":"https:\/\/api.w.org\/{rel}","templated":true}]}}