
{"id":509,"date":"2025-01-22T14:19:53","date_gmt":"2025-01-22T13:19:53","guid":{"rendered":"https:\/\/zp1.edu.wroclaw.pl\/?page_id=509"},"modified":"2026-03-01T10:29:30","modified_gmt":"2026-03-01T09:29:30","slug":"projekty","status":"publish","type":"page","link":"https:\/\/zp1.edu.wroclaw.pl\/index.php\/projekty\/","title":{"rendered":"Projekty"},"content":{"rendered":"<div class=\"wpb-content-wrapper\"><p>[vc_row][vc_column][vc_column_text css=&#8221;&#8221;]<\/p>\n<h1 data-start=\"201\" data-end=\"235\">Projekty w naszym przedszkolu<\/h1>\n<p data-start=\"237\" data-end=\"511\">W naszym przedszkolu dzieci maj\u0105 mo\u017cliwo\u015b\u0107 uczestniczenia w r\u00f3\u017cnorodnych projektach edukacyjnych i kreatywnych, kt\u00f3re rozwijaj\u0105 ich pasje, kompetencje spo\u0142eczne oraz ciekawo\u015b\u0107 \u015bwiata. Projekty s\u0105 dopasowane do wieku dzieci i prowadzone w atrakcyjnej, interaktywnej formie.<\/p>\n<h2 data-start=\"513\" data-end=\"534\">Projekty og\u00f3lne<\/h2>\n<p data-start=\"535\" data-end=\"756\">To inicjatywy, w kt\u00f3rych mog\u0105 bra\u0107 udzia\u0142 wszystkie przedszkolaki, niezale\u017cnie od grupy. Celem tych projekt\u00f3w jest rozwijanie umiej\u0119tno\u015bci spo\u0142ecznych, kreatywno\u015bci oraz wsp\u00f3\u0142pracy w wi\u0119kszej spo\u0142eczno\u015bci przedszkolnej.<\/p>\n<ul>\n<li data-start=\"792\" data-end=\"821\">Projekt \u201eEdukacja w ruchu\u201d Gr. V &#8211; VII<\/li>\n<li data-start=\"792\" data-end=\"821\">Projekt ,,Ma\u0142y Wielki Przedszkolak<\/li>\n<\/ul>\n<h2 data-start=\"887\" data-end=\"922\">Projekty realizowane w grupie<\/h2>\n<p data-start=\"923\" data-end=\"1184\">Te projekty s\u0105 prowadzone w ramach poszczeg\u00f3lnych grup przedszkolnych i pozwalaj\u0105 dzieciom na pog\u0142\u0119bianie zainteresowa\u0144 w kameralnym gronie. Skupiaj\u0105 si\u0119 na indywidualnym rozwoju, wsp\u00f3\u0142pracy w grupie oraz realizacji konkretnych zada\u0144 i projekt\u00f3w tematycznych.<\/p>\n<ul>\n<li><\/li>\n<\/ul>\n<p data-start=\"1315\" data-end=\"1518\">Wszystkie projekty w naszym przedszkolu s\u0105 prowadzone w przyjaznej i bezpiecznej atmosferze, tak aby ka\u017cde dziecko mog\u0142o odkrywa\u0107 swoje talenty, rozwija\u0107 kreatywno\u015b\u0107 i cieszy\u0107 si\u0119 nauk\u0105 poprzez zabaw\u0119.<\/p>\n<p>[\/vc_column_text][\/vc_column][\/vc_row]<\/p>\n<\/div>","protected":false},"excerpt":{"rendered":"<p>[vc_row][vc_column][vc_column_text css=&#8221;&#8221;] Projekty w naszym przedszkolu W naszym przedszkolu dzieci maj\u0105 mo\u017cliwo\u015b\u0107 uczestniczenia w r\u00f3\u017cnorodnych projektach edukacyjnych i kreatywnych, kt\u00f3re rozwijaj\u0105 ich pasje, kompetencje spo\u0142eczne oraz ciekawo\u015b\u0107 \u015bwiata. Projekty s\u0105 [&hellip;]<\/p>\n","protected":false},"author":7,"featured_media":0,"parent":0,"menu_order":0,"comment_status":"closed","ping_status":"closed","template":"","meta":{"ngg_post_thumbnail":0,"footnotes":""},"class_list":["post-509","page","type-page","status-publish","hentry","clearfix"],"_links":{"self":[{"href":"https:\/\/zp1.edu.wroclaw.pl\/index.php\/wp-json\/wp\/v2\/pages\/509","targetHints":{"allow":["GET"]}}],"collection":[{"href":"https:\/\/zp1.edu.wroclaw.pl\/index.php\/wp-json\/wp\/v2\/pages"}],"about":[{"href":"https:\/\/zp1.edu.wroclaw.pl\/index.php\/wp-json\/wp\/v2\/types\/page"}],"author":[{"embeddable":true,"href":"https:\/\/zp1.edu.wroclaw.pl\/index.php\/wp-json\/wp\/v2\/users\/7"}],"replies":[{"embeddable":true,"href":"https:\/\/zp1.edu.wroclaw.pl\/index.php\/wp-json\/wp\/v2\/comments?post=509"}],"version-history":[{"count":3,"href":"https:\/\/zp1.edu.wroclaw.pl\/index.php\/wp-json\/wp\/v2\/pages\/509\/revisions"}],"predecessor-version":[{"id":747,"href":"https:\/\/zp1.edu.wroclaw.pl\/index.php\/wp-json\/wp\/v2\/pages\/509\/revisions\/747"}],"wp:attachment":[{"href":"https:\/\/zp1.edu.wroclaw.pl\/index.php\/wp-json\/wp\/v2\/media?parent=509"}],"curies":[{"name":"wp","href":"https:\/\/api.w.org\/{rel}","templated":true}]}}