
{"id":62,"date":"2021-09-16T10:19:17","date_gmt":"2021-09-16T08:19:17","guid":{"rendered":"https:\/\/zp1.edu.wroclaw.pl\/?page_id=62"},"modified":"2026-03-02T14:23:41","modified_gmt":"2026-03-02T13:23:41","slug":"dokuimenty","status":"publish","type":"page","link":"https:\/\/zp1.edu.wroclaw.pl\/index.php\/dokuimenty\/","title":{"rendered":"Dokumenty"},"content":{"rendered":"<div class=\"wpb-content-wrapper\"><p>[vc_row][vc_column][vc_tta_tour][vc_tta_section title=&#8221;RODO&#8221; tab_id=&#8221;1737552983779-b8f5861c-7c5d&#8221;][vc_column_text css=&#8221;&#8221;]<\/p>\n<div class=\"pe-article-content\">\n<div class=\"wpb-content-wrapper\">\n<div class=\"vc_row wpb_row vc_row-fluid\">\n<div class=\"wpb_column vc_column_container vc_col-sm-12\">\n<div class=\"vc_column-inner\">\n<div class=\"wpb_wrapper\">\n<div class=\"wpb_text_column wpb_content_element\">\n<div class=\"wpb_wrapper\">\n<p><i>Administratorem danych jest Zesp\u00f3\u0142 Przedszkoli nr 1 we Wroc\u0142awiu, ul. Kolbuszowska 6, 53-404 Wroc\u0142aw. Kontakt do naszego inspektora ochrony danych: inspektor@coreconsulting.pl\u202f lub CORE Consulting sp. z o.o., ul. Wy\u0142om 16, 61-671 Pozna\u0144. Dane przetwarzamy w celu zwi\u0105zanym z dan\u0105 korespondencj\u0105. W zale\u017cno\u015bci od podstawy przetwarzania Twoich danych przys\u0142uguje Ci prawo do: \u017c\u0105dania dost\u0119pu do tre\u015bci swoich danych osobowych, ich sprostowania, usuni\u0119cia lub ograniczenia przetwarzania oraz prawo do przenoszenia danych, a tak\u017ce prawo do z\u0142o\u017cenia skargi na przetwarzanie danych do organu nadzoru. W przypadku wyra\u017cenia zgody\u00a0 na przetwarzanie danych osobowych zgoda mo\u017ce zosta\u0107 wycofana w ka\u017cdym momencie. Masz r\u00f3wnie\u017c prawo do sprzeciwu wobec przetwarzania Twoich danych osobowych. Dane przetwarzamy w celu zwi\u0105zanym z dan\u0105 korespondencj\u0105. Szczeg\u00f3\u0142owe informacje o regu\u0142ach przetwarzania danych zwi\u0105zanych z prowadzon\u0105 korespondencj\u0105 elektroniczn\u0105, dost\u0119pne s\u0105 na\u202f stronie\u00a0<\/i><a href=\"https:\/\/zp1.edu.wroclaw.pl\/\" target=\"_blank\" rel=\"noopener noreferrer\"><i>https:\/\/zp1.edu.wroclaw.pl\/<\/i><\/a><i> w zak\u0142adce dotycz\u0105cej ochrony danych osobowych (RODO) \u2013 Klauzula informacyjna \u2013 korespondencja elektroniczna.<\/i><\/p>\n<p><a href=\"https:\/\/zp1.edu.wroclaw.pl\/wp-content\/uploads\/sites\/67\/2026\/03\/Polityka-Ochrony-Danych.docx\">Polityka Ochrony Danych<\/a><\/p>\n<p><a href=\"https:\/\/zp1.edu.wroclaw.pl\/wp-content\/uploads\/sites\/67\/2026\/03\/Zal.-3.-Upowaznienie-wicedyrektor.docx\">Za\u0142. 3. Upowa\u017cnienie &#8211; wicedyrektor<\/a><\/p>\n<p><a href=\"https:\/\/zp1.edu.wroclaw.pl\/wp-content\/uploads\/sites\/67\/2026\/03\/Zal.-3a.-Upowaznienie-nauczyciel-w-Przedszkolu.docx\">Za\u0142. 3a. Upowa\u017cnienie &#8211; nauczyciel w Przedszkolu<\/a><\/p>\n<p><a href=\"https:\/\/zp1.edu.wroclaw.pl\/wp-content\/uploads\/sites\/67\/2026\/03\/Zal.-3b.-Upowaznienie-pomoc-nauczyciela-w-Przedszkolu.docx\">Za\u0142. 3b. Upowa\u017cnienie &#8211; pomoc nauczyciela w Przedszkolu<\/a><\/p>\n<p><a href=\"https:\/\/zp1.edu.wroclaw.pl\/wp-content\/uploads\/sites\/67\/2026\/03\/Zal.-3c.-Upowaznienie-referent.docx\">Za\u0142. 3c. Upowa\u017cnienie &#8211; referent<\/a><\/p>\n<p><a href=\"https:\/\/zp1.edu.wroclaw.pl\/wp-content\/uploads\/sites\/67\/2026\/03\/Zal.-3d.-Instrukcja-postepowania-w-przypadku-planowania-procesu-przetwarzania.docx\">Za\u0142. 3d. Instrukcja post\u0119powania w przypadku planowania procesu przetwarzania<\/a><\/p>\n<p><a href=\"https:\/\/zp1.edu.wroclaw.pl\/wp-content\/uploads\/sites\/67\/2026\/03\/Zal.-3d.Upowaznienie-intendent.docx\">Za\u0142. 3d.Upowa\u017cnienie &#8211; intendent<\/a><\/p>\n<p><a href=\"https:\/\/zp1.edu.wroclaw.pl\/wp-content\/uploads\/sites\/67\/2026\/03\/Zal.-3e.-Upowaznienie-kierownik-gospodarczy.docx\">Za\u0142. 3e. Upowa\u017cnienie &#8211; kierownik gospodarczy<\/a><\/p>\n<p><a href=\"https:\/\/zp1.edu.wroclaw.pl\/wp-content\/uploads\/sites\/67\/2026\/03\/Zal.-3f.-Upowaznienie-kuchnia-z-dostepem-do-danych.docx\">Za\u0142. 3f. Upowa\u017cnienie &#8211; kuchnia z dost\u0119pem do danych<\/a><\/p>\n<p><a href=\"https:\/\/zp1.edu.wroclaw.pl\/wp-content\/uploads\/sites\/67\/2026\/03\/Zal.-3g.-Upowaznienie-czlonek-komisji-ZFSS.docx\">Za\u0142. 3g. Upowa\u017cnienie &#8211; czlonek komisji ZF\u015aS<\/a><\/p>\n<p><a href=\"https:\/\/zp1.edu.wroclaw.pl\/wp-content\/uploads\/sites\/67\/2026\/03\/Zal.-3h.-Upowaznienie-czlonek-Rady-Rodzicow.docx\">Za\u0142. 3h. Upowa\u017cnienie &#8211; cz\u0142onek Rady Rodzic\u00f3w<\/a><\/p>\n<p><a href=\"https:\/\/zp1.edu.wroclaw.pl\/wp-content\/uploads\/sites\/67\/2026\/03\/Zal.-3i.-Upowaznienie-wozny.docx\">Za\u0142. 3i. Upowa\u017cnienie &#8211; wo\u017any<\/a><\/p>\n<p><a href=\"https:\/\/zp1.edu.wroclaw.pl\/wp-content\/uploads\/sites\/67\/2026\/03\/Zal.-3j.-Upowaznienie-praktykant.docx\">Za\u0142. 3j. Upowa\u017cnienie &#8211; praktykant<\/a><\/p>\n<p><a href=\"https:\/\/zp1.edu.wroclaw.pl\/wp-content\/uploads\/sites\/67\/2026\/03\/Zal.-3k.-Upowaznienie-wolontariusz.docx\">Za\u0142. 3k. Upowa\u017cnienie &#8211; wolontariusz<\/a><\/p>\n<p><a href=\"https:\/\/zp1.edu.wroclaw.pl\/wp-content\/uploads\/sites\/67\/2026\/03\/Zal.-3l.-Upowaznienie-logopeda.docx\">Za\u0142. 3l. Upowa\u017cnienie &#8211; logopeda<\/a><\/p>\n<p><a href=\"https:\/\/zp1.edu.wroclaw.pl\/wp-content\/uploads\/sites\/67\/2026\/03\/Zal.-3m.-Upowaznienie-pedagog-psycholog.docx\">Za\u0142. 3m. Upowa\u017cnienie &#8211; pedagog psycholog<\/a><\/p>\n<p><a href=\"https:\/\/zp1.edu.wroclaw.pl\/wp-content\/uploads\/sites\/67\/2026\/03\/Zal.-3n.-Upowaznienie-kierownik-projektu.docx\">Za\u0142. 3n. Upowa\u017cnienie &#8211; kierownik projektu<\/a><\/p>\n<p><a href=\"https:\/\/zp1.edu.wroclaw.pl\/wp-content\/uploads\/sites\/67\/2026\/03\/Zal.-3o.-Upowaznienie-wstepu-serwis-monitoringu.docx\">Za\u0142. 3o. Upowa\u017cnienie wst\u0119pu &#8211; serwis monitoringu<\/a><\/p>\n<p><a href=\"https:\/\/zp1.edu.wroclaw.pl\/wp-content\/uploads\/sites\/67\/2026\/03\/Zal.-3p.-Upowaznienie-wstepu-pracownik-nieuprawniony-do-dostepu-do-danych.docx\">Za\u0142. 3p. Upowa\u017cnienie wst\u0119pu &#8211; pracownik nieuprawniony do dost\u0119pu do danych<\/a><\/p>\n<p><a href=\"https:\/\/zp1.edu.wroclaw.pl\/wp-content\/uploads\/sites\/67\/2026\/03\/Zal.-4.-Zalacznik1_wstepna-ocena-skutkow-dla-ochrony-danych-formularz.docx\">Za\u0142. 4. Za\u0142\u0105cznik1_wstepna-ocena-skutkow-dla-ochrony-danych-formularz<\/a><\/p>\n<p><a href=\"https:\/\/zp1.edu.wroclaw.pl\/wp-content\/uploads\/sites\/67\/2026\/03\/Zal.-4a.-Zalacznik2_pelna-ocena-skutkow-dla-ochrony-danych-formularz.docx\">Za\u0142. 4a. Za\u0142\u0105cznik2_pelna-ocena-skutkow-dla-ochrony-danych-formularz<\/a><\/p>\n<p><a href=\"https:\/\/zp1.edu.wroclaw.pl\/wp-content\/uploads\/sites\/67\/2026\/03\/Zal.-5.-Test-klauzuli-interesu-publicznego-objasnienie.docx\">Za\u0142. 5. Test klauzuli interesu publicznego &#8211; obja\u015bnienie<\/a><\/p>\n<p><a href=\"https:\/\/zp1.edu.wroclaw.pl\/wp-content\/uploads\/sites\/67\/2026\/03\/Zal.-5a.-Test-klauzuli-interesu-publicznego-Tablice-informacyjne.docx\">Za\u0142. 5a. Test klauzuli interesu publicznego &#8211; Tablice informacyjne<\/a><\/p>\n<p><a href=\"https:\/\/zp1.edu.wroclaw.pl\/wp-content\/uploads\/sites\/67\/2026\/03\/Zal.-5b.-Test-klauzuli-interesu-publicznego-gazetka-przedszkolna.docx\">Za\u0142. 5b. Test klauzuli interesu publicznego &#8211; gazetka przedszkolna<\/a><\/p>\n<p><a href=\"https:\/\/zp1.edu.wroclaw.pl\/wp-content\/uploads\/sites\/67\/2026\/03\/Zal.-5c.-Test-klauzuli-interesu-publicznego-strona-www.docx\">Za\u0142. 5c. Test klauzuli interesu publicznego &#8211; strona www<\/a><\/p>\n<p><a href=\"https:\/\/zp1.edu.wroclaw.pl\/wp-content\/uploads\/sites\/67\/2026\/03\/Zal.-5d.-Test-klauzuli-interesu-publicznego-wycieczki.docx\">Za\u0142. 5d. Test klauzuli interesu publicznego &#8211; wycieczki<\/a><\/p>\n<p><a href=\"https:\/\/zp1.edu.wroclaw.pl\/wp-content\/uploads\/sites\/67\/2026\/03\/Zal.-5e.-Test-klauzuli-interesu-publicznego-konkursy.docx\">Za\u0142. 5e. Test klauzuli interesu publicznego &#8211; konkursy<\/a><\/p>\n<p><a href=\"https:\/\/zp1.edu.wroclaw.pl\/wp-content\/uploads\/sites\/67\/2026\/03\/Zal.-5f.-Test-klauzuli-interesu-publicznego-monitoring-wizyjny.docx\">Za\u0142. 5f. Test klauzuli interesu publicznego &#8211; monitoring wizyjny<\/a><\/p>\n<p><a href=\"https:\/\/zp1.edu.wroclaw.pl\/wp-content\/uploads\/sites\/67\/2026\/03\/Zal.-6.-Instrukcja-ochrony-danych-osobowych-IOD.docx\">Za\u0142. 6. Instrukcja ochrony danych osobowych (IOD)<\/a><\/p>\n<p><a href=\"https:\/\/zp1.edu.wroclaw.pl\/wp-content\/uploads\/sites\/67\/2026\/03\/Zal.-6.-IODO-Zalacznik-nr-1.docx\">Za\u0142. 6. IODO &#8211; Za\u0142\u0105cznik nr 1<\/a><\/p>\n<p><a href=\"https:\/\/zp1.edu.wroclaw.pl\/wp-content\/uploads\/sites\/67\/2026\/03\/Zal.-6.-IODO-Zalacznik-nr-1a.xlsx\">Za\u0142. 6. IODO &#8211; Za\u0142\u0105cznik nr 1a.<\/a><\/p>\n<p><a href=\"https:\/\/zp1.edu.wroclaw.pl\/wp-content\/uploads\/sites\/67\/2026\/03\/Zal.-6.-IODO-Zalacznik-nr-2-Wzor-udostepnienia-danych.xlsx\">Za\u0142. 6. IODO &#8211; Za\u0142\u0105cznik nr 2 &#8211; Wz\u00f3r udost\u0119pnienia danych<\/a><\/p>\n<p><a href=\"https:\/\/zp1.edu.wroclaw.pl\/wp-content\/uploads\/sites\/67\/2026\/03\/Zal.-6a.-Podstawowe-reguly-przetwarzania-danych.docx\">Za\u0142. 6a. Podstawowe regu\u0142y przetwarzania danych<\/a><\/p>\n<p><a href=\"https:\/\/zp1.edu.wroclaw.pl\/wp-content\/uploads\/sites\/67\/2026\/03\/Zal.-6b.-Procedura-kontrola-Urzedu-Ochrony-Danych-Osobowych.docx\">Za\u0142. 6b. Procedura &#8211; kontrola Urz\u0119du Ochrony Danych Osobowych<\/a><\/p>\n<p><a href=\"https:\/\/zp1.edu.wroclaw.pl\/wp-content\/uploads\/sites\/67\/2026\/03\/Zal.-6c.-Procedura-placowka-oswiatowa-jako-podmiot-przetwarzajacy.docx\">Za\u0142. 6c. Procedura &#8211; plac\u00f3wka o\u015bwiatowa jako podmiot przetwarzaj\u0105cy<\/a><\/p>\n<p><a href=\"https:\/\/zp1.edu.wroclaw.pl\/wp-content\/uploads\/sites\/67\/2026\/03\/Zal.-6e.-Procedura-niszczenie-dokumentow.docx\">Za\u0142. 6e. Procedura &#8211; niszczenie dokument\u00f3w<\/a><\/p>\n<p><a href=\"https:\/\/zp1.edu.wroclaw.pl\/wp-content\/uploads\/sites\/67\/2026\/03\/Zal.-6f.-Instrukcja-nadawania-hasel.docx\">Za\u0142. 6f. Instrukcja nadawania hase\u0142<\/a><\/p>\n<p><a href=\"https:\/\/zp1.edu.wroclaw.pl\/wp-content\/uploads\/sites\/67\/2026\/03\/Zal.-6g.-Instrukcja-korzystania-z-nosnikow-oraz-pracy-z-domu.docx\">Za\u0142. 6g. Instrukcja korzystania z no\u015bnik\u00f3w oraz pracy z domu<\/a><\/p>\n<p><a href=\"https:\/\/zp1.edu.wroclaw.pl\/wp-content\/uploads\/sites\/67\/2026\/03\/Zal.-6h.-Instrukcja-spelniania-obowiazku-informacyjnego.docx\">Za\u0142. 6h. Instrukcja spe\u0142niania obowi\u0105zku informacyjnego<\/a><\/p>\n<p><a href=\"https:\/\/zp1.edu.wroclaw.pl\/wp-content\/uploads\/sites\/67\/2026\/03\/Zal.-6i.-Procedura-nadawania-upowaznien.docx\">Za\u0142. 6i. Procedura nadawania upowa\u017cnie\u0144<\/a><\/p>\n<p><a href=\"https:\/\/zp1.edu.wroclaw.pl\/wp-content\/uploads\/sites\/67\/2026\/03\/Zal.-6j.-Procedura-likwidacji-kont-pocztowych.docx\">Za\u0142. 6j. Procedura likwidacji kont pocztowych<\/a><\/p>\n<p><a href=\"https:\/\/zp1.edu.wroclaw.pl\/wp-content\/uploads\/sites\/67\/2026\/03\/Zal.-6k.-Regulamin-Zarzadzania-Bezpieczenstwem-Teleinformatycznym-RZBT.docx\">Za\u0142. 6k. Regulamin Zarz\u0105dzania Bezpiecze\u0144stwem Teleinformatycznym (RZBT)<\/a><\/p>\n<p><a href=\"https:\/\/zp1.edu.wroclaw.pl\/wp-content\/uploads\/sites\/67\/2026\/03\/Zal.-6k.-RZBT-Zalacznik-nr-1-Lista-systemow-teleinformatycznych.docx\">Za\u0142. 6k. RZBT &#8211; Za\u0142\u0105cznik nr 1 &#8211; Lista system\u00f3w teleinformatycznych<\/a><\/p>\n<p><a href=\"https:\/\/zp1.edu.wroclaw.pl\/wp-content\/uploads\/sites\/67\/2026\/03\/Zal.-6l.-Procedura-postepowania-z-kluczami_Polityka-Kluczy.docx\">Za\u0142. 6l. Procedura post\u0119powania z kluczami_Polityka Kluczy<\/a><\/p>\n<p><a href=\"https:\/\/zp1.edu.wroclaw.pl\/wp-content\/uploads\/sites\/67\/2026\/03\/Zal.-6m.-Procedura-publikacji-i-aktualizacji-danych-w-BIP.docx\">Za\u0142. 6m. Procedura publikacji i aktualizacji danych w BIP<\/a><\/p>\n<p><a href=\"https:\/\/zp1.edu.wroclaw.pl\/wp-content\/uploads\/sites\/67\/2026\/03\/Zal.-7.-Klauzula-zlozenie-pisma-w-placowce.docx\">Za\u0142. 7. Klauzula &#8211; z\u0142o\u017cenie pisma w plac\u00f3wce<\/a><\/p>\n<p><a href=\"https:\/\/zp1.edu.wroclaw.pl\/wp-content\/uploads\/sites\/67\/2026\/03\/Zal.-7a.-Klauzula-zlozenie-pisma-wersja-skrocona.docx\">Za\u0142. 7a. Klauzula &#8211; z\u0142o\u017cenie pisma &#8211; wersja skr\u00f3cona<\/a><\/p>\n<p><a href=\"https:\/\/zp1.edu.wroclaw.pl\/wp-content\/uploads\/sites\/67\/2026\/03\/Zal.-7b.-Klauzula-postepowanie-administracyjne.docx\">Za\u0142. 7b. Klauzula post\u0119powanie administracyjne<\/a><\/p>\n<p><a href=\"https:\/\/zp1.edu.wroclaw.pl\/wp-content\/uploads\/sites\/67\/2026\/03\/Zal.-7c.-Klauzula-korespondencja-elektroniczna.docx\">Za\u0142. 7c. Klauzula &#8211; korespondencja elektroniczna<\/a><\/p>\n<p><a href=\"https:\/\/zp1.edu.wroclaw.pl\/wp-content\/uploads\/sites\/67\/2026\/03\/Zal.-7d.-Klauzula-stopka-mailowa.docx\">Za\u0142. 7d. Klauzula &#8211; stopka mailowa<\/a><\/p>\n<p><a href=\"https:\/\/zp1.edu.wroclaw.pl\/wp-content\/uploads\/sites\/67\/2026\/03\/Zal.-7e.-Klauzula-strona-www.docx\">Za\u0142. 7e. Klauzula &#8211; strona www<\/a><\/p>\n<p><a href=\"https:\/\/zp1.edu.wroclaw.pl\/wp-content\/uploads\/sites\/67\/2026\/03\/Zal.-7f.-Klauzula-umowa.docx\">Za\u0142. 7f. Klauzula &#8211; umowa<\/a><\/p>\n<p><a href=\"https:\/\/zp1.edu.wroclaw.pl\/wp-content\/uploads\/sites\/67\/2026\/03\/Zal.-7g.-Klauzula-zamowienia-publiczne.docx\">Za\u0142. 7g. Klauzula &#8211; zam\u00f3wienia publiczne<\/a><\/p>\n<p><a href=\"https:\/\/zp1.edu.wroclaw.pl\/wp-content\/uploads\/sites\/67\/2026\/03\/Zal.-7h.-Klauzula-umowa-najmu.docx\">Za\u0142. 7h. Klauzula &#8211; umowa najmu<\/a><\/p>\n<p><a href=\"https:\/\/zp1.edu.wroclaw.pl\/wp-content\/uploads\/sites\/67\/2026\/03\/Zal.-7i.-Klauzula-wolontariusz.docx\">Za\u0142. 7i. Klauzula &#8211; wolontariusz<\/a><\/p>\n<p><a href=\"https:\/\/zp1.edu.wroclaw.pl\/wp-content\/uploads\/sites\/67\/2026\/03\/Zal.-7j.-Klauzula-rekrutacja-pracownika.docx\">Za\u0142. 7j. Klauzula &#8211; rekrutacja pracownika<\/a><\/p>\n<p><a href=\"https:\/\/zp1.edu.wroclaw.pl\/wp-content\/uploads\/sites\/67\/2026\/03\/Zal.-7k.-Klauzula-pracownik-nauczyciel.docx\">Za\u0142. 7k. Klauzula &#8211; pracownik &#8211; nauczyciel<\/a><\/p>\n<p><a href=\"https:\/\/zp1.edu.wroclaw.pl\/wp-content\/uploads\/sites\/67\/2026\/03\/Zal.-7l.-Klauzula-pracownik-samorzadowy.docx\">Za\u0142. 7l. Klauzula &#8211; pracownik samorz\u0105dowy<\/a><\/p>\n<p><a href=\"https:\/\/zp1.edu.wroclaw.pl\/wp-content\/uploads\/sites\/67\/2026\/03\/Zal.-7l.-Klauzula-edukacja-dziecka-w-placowce.docx\">Za\u0142. 7\u0142. Klauzula &#8211; edukacja dziecka w plac\u00f3wce<\/a><\/p>\n<p><a href=\"https:\/\/zp1.edu.wroclaw.pl\/wp-content\/uploads\/sites\/67\/2026\/03\/Zal.-7m.-Klauzula-ewidencja-wejsc-i-wyjsc.docx\">Za\u0142. 7m. Klauzula &#8211; ewidencja wej\u015b\u0107 i wyj\u015b\u0107<\/a><\/p>\n<p><a href=\"https:\/\/zp1.edu.wroclaw.pl\/wp-content\/uploads\/sites\/67\/2026\/03\/Zal.-7n.-Klauzula-opiekun-wycieczki.docx\">Za\u0142. 7n. Klauzula &#8211; opiekun wycieczki<\/a><\/p>\n<p><a href=\"https:\/\/zp1.edu.wroclaw.pl\/wp-content\/uploads\/sites\/67\/2026\/03\/Zal.-7o.-Klauzula-przyjecie-dziecka-w-ramach-dyzuru-wakacyjnego.docx\">Za\u0142. 7o. Klauzula &#8211; przyj\u0119cie dziecka w ramach dy\u017curu wakacyjnego<\/a><\/p>\n<p><a href=\"https:\/\/zp1.edu.wroclaw.pl\/wp-content\/uploads\/sites\/67\/2026\/03\/Zal.-7p.-Klauzula-praca-spolecznie-uzyteczna.docx\">Za\u0142. 7p. Klauzula &#8211; praca spo\u0142ecznie u\u017cyteczna<\/a><\/p>\n<p><a href=\"https:\/\/zp1.edu.wroclaw.pl\/wp-content\/uploads\/sites\/67\/2026\/03\/Zal.-7r.-Klauzula-ZFSS.docx\">Za\u0142. 7r. Klauzula ZF\u015aS<\/a><a href=\"https:\/\/zp1.edu.wroclaw.pl\/wp-content\/uploads\/sites\/67\/2026\/03\/Zal.-7ra.-Klauzula-ZFSS-skrocona.docx\">Za\u0142. 7ra. Klauzula ZF\u015aS &#8211; skr\u00f3cona<\/a><\/p>\n<p><a href=\"https:\/\/zp1.edu.wroclaw.pl\/wp-content\/uploads\/sites\/67\/2026\/03\/Zal.-7s.-Klauzula-praktykanci.docx\">Za\u0142. 7s. Klauzula praktykanci<\/a><\/p>\n<p><a href=\"https:\/\/zp1.edu.wroclaw.pl\/wp-content\/uploads\/sites\/67\/2026\/03\/Zal.-7t.-Klauzula-Fundusz-Zdrowotny.docx\">Za\u0142. 7t. Klauzula &#8211; Fundusz Zdrowotny<\/a><\/p>\n<p><a href=\"https:\/\/zp1.edu.wroclaw.pl\/wp-content\/uploads\/sites\/67\/2026\/03\/Zal.-7u.-Klauzula-dla-osob-upowaznionych-do-odbioru-dziecka-z-przedszkola.docx\">Za\u0142. 7u. Klauzula &#8211; dla os\u00f3b upowa\u017cnionych do odbioru dziecka z przedszkola<\/a><\/p>\n<p><a href=\"https:\/\/zp1.edu.wroclaw.pl\/wp-content\/uploads\/sites\/67\/2026\/03\/Zal.-7w.-Klauzula-PPK.docx\">Za\u0142. 7w. Klauzula &#8211; PPK<\/a><a href=\"https:\/\/zp1.edu.wroclaw.pl\/wp-content\/uploads\/sites\/67\/2026\/03\/Zal.-8.-Zgoda-na-wizerunek-na-www.docx\">Za\u0142. 8. Zgoda na wizerunek na www<\/a><\/p>\n<p><a href=\"https:\/\/zp1.edu.wroclaw.pl\/wp-content\/uploads\/sites\/67\/2026\/03\/Zal.-8a.-Zgoda-na-udzial-w-lekcjach-religii.docx\">Za\u0142. 8a. Zgoda na udzia\u0142 w lekcjach religii<\/a><\/p>\n<p><a href=\"https:\/\/zp1.edu.wroclaw.pl\/wp-content\/uploads\/sites\/67\/2026\/03\/Zal.-8b.-Zgoda-na-wizerunek-na-FB-uczen.docx\">Za\u0142. 8b. Zgoda na wizerunek na FB &#8211; ucze\u0144<\/a><\/p>\n<p><a href=\"https:\/\/zp1.edu.wroclaw.pl\/wp-content\/uploads\/sites\/67\/2026\/03\/Zal.-8c.-Zgoda-na-wizerunek-na-FB-pracownik.docx\">Za\u0142. 8c. Zgoda na wizerunek na FB &#8211; pracownik<\/a><\/p>\n<p><a href=\"https:\/\/zp1.edu.wroclaw.pl\/wp-content\/uploads\/sites\/67\/2026\/03\/Zal.-8d.-Zgoda-na-wizerunek-na-FB-osoba-trzecia.docx\">Za\u0142. 8d. Zgoda na wizerunek na FB &#8211; osoba trzecia<\/a><\/p>\n<p><a href=\"https:\/\/zp1.edu.wroclaw.pl\/wp-content\/uploads\/sites\/67\/2026\/03\/Zal.-9.-Karta-do-odbioru-dziecka-z-przedszkola.docx\">Za\u0142. 9. Karta do odbioru dziecka z przedszkola<\/a><\/p>\n<p><a href=\"https:\/\/zp1.edu.wroclaw.pl\/wp-content\/uploads\/sites\/67\/2026\/03\/Zal.-10.-Umowy-przetwarzania.docx\">Za\u0142. 10. Umowy przetwarzania<\/a><\/p>\n<p><a href=\"https:\/\/zp1.edu.wroclaw.pl\/wp-content\/uploads\/sites\/67\/2026\/03\/Zal.-10a.-Umowa-powierzenia-Zespol-jako-procesor.docx\">Za\u0142. 10a. Umowa powierzenia &#8211; Zesp\u00f3\u0142 jako procesor<\/a><\/p>\n<p><a href=\"https:\/\/zp1.edu.wroclaw.pl\/wp-content\/uploads\/sites\/67\/2026\/03\/Zal.-10b.-Umowa-powierzenia-archiwizacja.docx\">Za\u0142. 10b. Umowa powierzenia &#8211; archiwizacja<\/a><\/p>\n<p><a href=\"https:\/\/zp1.edu.wroclaw.pl\/wp-content\/uploads\/sites\/67\/2026\/03\/Zal.-10c.-Umowa-powierzenia-drukarnie.docx\">Za\u0142. 10c. Umowa powierzenia &#8211; drukarnie<\/a><\/p>\n<p><a href=\"https:\/\/zp1.edu.wroclaw.pl\/wp-content\/uploads\/sites\/67\/2026\/03\/Zal.-10d.-Umowa-powierzenia-obsluga-prawna.docx\">Za\u0142. 10d. Umowa powierzenia &#8211; obs\u0142uga prawna<\/a><\/p>\n<p><a href=\"https:\/\/zp1.edu.wroclaw.pl\/wp-content\/uploads\/sites\/67\/2026\/03\/Zal.-10e.-Umowa-powierzenia-obsluga-BHP.docx\">Za\u0142. 10e. Umowa powierzenia &#8211; obs\u0142uga BHP<\/a><\/p>\n<p><a href=\"https:\/\/zp1.edu.wroclaw.pl\/wp-content\/uploads\/sites\/67\/2026\/03\/Zal.-10f.-Umowa-powierzenia-fotograf.docx\">Za\u0142. 10f. Umowa powierzenia &#8211; fotograf<\/a><\/p>\n<p><a href=\"https:\/\/zp1.edu.wroclaw.pl\/wp-content\/uploads\/sites\/67\/2026\/03\/Zal.-10g.-Umowa-powierzenia-obsluga-IT.docx\">Za\u0142. 10g. Umowa powierzenia &#8211; obs\u0142uga IT<\/a><\/p>\n<p><a href=\"https:\/\/zp1.edu.wroclaw.pl\/wp-content\/uploads\/sites\/67\/2026\/03\/Zal.-10h.-Umowa-powierzenia-oprogramowanie-bazodanowe.docx\">Za\u0142. 10h. Umowa powierzenia &#8211; oprogramowanie bazodanowe<\/a><\/p>\n<p><a href=\"https:\/\/zp1.edu.wroclaw.pl\/wp-content\/uploads\/sites\/67\/2026\/03\/Zal.-10i.-Umowa-powierzenia-utylizacja-dokumentow.docx\">Za\u0142. 10i. Umowa powierzenia &#8211; utylizacja dokument\u00f3w<\/a><\/p>\n<p><a href=\"https:\/\/zp1.edu.wroclaw.pl\/wp-content\/uploads\/sites\/67\/2026\/03\/Zal.-10j.-Umowa-powierzenia-wzor-ogolny.docx\">Za\u0142. 10j. Umowa powierzenia &#8211; wz\u00f3r og\u00f3lny<\/a><\/p>\n<p><a href=\"https:\/\/zp1.edu.wroclaw.pl\/wp-content\/uploads\/sites\/67\/2026\/03\/Zal.-11.-Organizacja-konkursow-miedzprzedszkolnych-wspolpraca-z-innymi-placowkami.docx\">Za\u0142. 11. Organizacja konkurs\u00f3w mi\u0119dzprzedszkolnych &#8211; wsp\u00f3\u0142praca z innymi plac\u00f3wkami<\/a><\/p>\n<p><a href=\"https:\/\/zp1.edu.wroclaw.pl\/wp-content\/uploads\/sites\/67\/2026\/03\/Zal.-11a.-Konkurs-zgoda-i-klauzula.docx\">Za\u0142. 11a. Konkurs zgoda i klauzula<\/a><\/p>\n<p><a href=\"https:\/\/zp1.edu.wroclaw.pl\/wp-content\/uploads\/sites\/67\/2026\/03\/Zal.-11b.-Upowaznienie-dla-jury-konkurs.docx\">Za\u0142. 11b. Upowa\u017cnienie dla jury &#8211; konkurs<\/a><\/p>\n<p><a href=\"https:\/\/zp1.edu.wroclaw.pl\/wp-content\/uploads\/sites\/67\/2026\/03\/Zal.-12.-Kwestionariusz-dla-pracownika.docx\">Za\u0142. 12. Kwestionariusz dla pracownika<\/a><\/p>\n<p><a href=\"https:\/\/zp1.edu.wroclaw.pl\/wp-content\/uploads\/sites\/67\/2026\/03\/Zal.-12a.-Kwestionariusz-osoby-ubiegajacej-sie-o-zatrudnienie.docx\">Za\u0142. 12a. Kwestionariusz osoby ubiegaj\u0105cej sie o zatrudnienie<\/a><\/p>\n<p><a href=\"https:\/\/zp1.edu.wroclaw.pl\/wp-content\/uploads\/sites\/67\/2026\/03\/Zal.-13-Regulamin-monitoringu-wizyjnego.docx\">Za\u0142. 13 Regulamin monitoringu wizyjnego<\/a><a href=\"https:\/\/zp1.edu.wroclaw.pl\/wp-content\/uploads\/sites\/67\/2026\/03\/Zarzadzenie-dyrektora.pdf\">Zarz\u0105dzenie dyrektora<\/a><\/p>\n<p><a href=\"https:\/\/zp1.edu.wroclaw.pl\/wp-content\/uploads\/sites\/67\/2026\/03\/Zal.-1.-Rejestr-Czynnosci-przetwarzania.xlsx\">Zal. 1. Rejestr Czynno\u015bci przetwarzania<\/a><\/p>\n<p><a href=\"https:\/\/zp1.edu.wroclaw.pl\/wp-content\/uploads\/sites\/67\/2026\/03\/Zal.-1a.-Ocena-skutkow-dla-ochrony-danych-DPIA.docx\">Za\u0142. 1a. Ocena skutk\u00f3w dla ochrony danych (DPIA)<\/a><\/p>\n<\/div>\n<\/div>\n<\/div>\n<\/div>\n<\/div>\n<\/div>\n<\/div>\n<\/div>\n<p>[\/vc_column_text][vc_column_text css=&#8221;&#8221;][\/vc_column_text][\/vc_tta_section][vc_tta_section title=&#8221;Dokumenty&#8221; tab_id=&#8221;1757848760502-9fec11a6-dee1&#8243;][vc_column_text css=&#8221;&#8221;]<a href=\"https:\/\/zp1.edu.wroclaw.pl\/wp-content\/uploads\/sites\/67\/2025\/09\/potwierdzenie-obywatelstwa-adresu-miejsca-urodzenia.docx\">potwierdzenie obywatelstwa, adresu, miejsca urodzenia<\/a><\/p>\n<p><a href=\"https:\/\/zp1.edu.wroclaw.pl\/wp-content\/uploads\/sites\/67\/2025\/09\/DEKLARACJA-O-posilkach-2025-2026-1.doc\">DEKLARACJA O posi\u0142kach 2025-2026<\/a>[\/vc_column_text][\/vc_tta_section][vc_tta_section title=&#8221;Upowa\u017cnienia&#8221; tab_id=&#8221;1737552983795-403d3508-c137&#8243;][vc_column_text css=&#8221;&#8221;]<a href=\"https:\/\/zp1.edu.wroclaw.pl\/wp-content\/uploads\/sites\/67\/2025\/09\/Karta-do-odbioru-dziecka-z-przedszkola-1.docx\">Karta do odbioru dziecka z przedszkola (1)<\/a>[\/vc_column_text][\/vc_tta_section][vc_tta_section title=&#8221;Wnioski&#8221; tab_id=&#8221;1737553015898-77e9c030-7716&#8243;][vc_column_text css=&#8221;&#8221;]<a href=\"\/wp-content\/uploads\/sites\/67\/2021\/09\/wniosek_o_zwolnienie_z_oplat_w_zwiazku_z_wielodzietnoscia.pdf\" target=\"_blank\" rel=\"noopener\">Wniosek o zwolnienie z op\u0142at w zwi\u0105zku z wielodzietno\u015bci\u0105 (pdf)<\/a><\/p>\n<p><a href=\"https:\/\/zp1.edu.wroclaw.pl\/wp-content\/uploads\/sites\/67\/2025\/09\/WNIOSEK-DO-PRZEDSZKOLA_2025-aktywny.pdf\">WNIOSEK DO PRZEDSZKOLA_2025-aktywny<\/a>[\/vc_column_text][\/vc_tta_section][vc_tta_section title=&#8221;Statut&#8221; tab_id=&#8221;1737553030889-344ab232-0586&#8243;][vc_column_text css=&#8221;&#8221;]<a href=\"https:\/\/zp1.edu.wroclaw.pl\/wp-content\/uploads\/sites\/67\/2026\/01\/statut-IX-2023.doc\">statut IX 2023<\/a>[\/vc_column_text][\/vc_tta_section][\/vc_tta_tour][\/vc_column][\/vc_row]<\/p>\n<\/div>","protected":false},"excerpt":{"rendered":"<p>[vc_row][vc_column][vc_tta_tour][vc_tta_section title=&#8221;RODO&#8221; tab_id=&#8221;1737552983779-b8f5861c-7c5d&#8221;][vc_column_text css=&#8221;&#8221;] Administratorem danych jest Zesp\u00f3\u0142 Przedszkoli nr 1 we Wroc\u0142awiu, ul. Kolbuszowska 6, 53-404 Wroc\u0142aw. Kontakt do naszego inspektora ochrony danych: inspektor@coreconsulting.pl\u202f lub CORE Consulting sp. z [&hellip;]<\/p>\n","protected":false},"author":7,"featured_media":0,"parent":0,"menu_order":0,"comment_status":"closed","ping_status":"closed","template":"","meta":{"ngg_post_thumbnail":0,"footnotes":""},"class_list":["post-62","page","type-page","status-publish","hentry","clearfix"],"_links":{"self":[{"href":"https:\/\/zp1.edu.wroclaw.pl\/index.php\/wp-json\/wp\/v2\/pages\/62","targetHints":{"allow":["GET"]}}],"collection":[{"href":"https:\/\/zp1.edu.wroclaw.pl\/index.php\/wp-json\/wp\/v2\/pages"}],"about":[{"href":"https:\/\/zp1.edu.wroclaw.pl\/index.php\/wp-json\/wp\/v2\/types\/page"}],"author":[{"embeddable":true,"href":"https:\/\/zp1.edu.wroclaw.pl\/index.php\/wp-json\/wp\/v2\/users\/7"}],"replies":[{"embeddable":true,"href":"https:\/\/zp1.edu.wroclaw.pl\/index.php\/wp-json\/wp\/v2\/comments?post=62"}],"version-history":[{"count":19,"href":"https:\/\/zp1.edu.wroclaw.pl\/index.php\/wp-json\/wp\/v2\/pages\/62\/revisions"}],"predecessor-version":[{"id":615,"href":"https:\/\/zp1.edu.wroclaw.pl\/index.php\/wp-json\/wp\/v2\/pages\/62\/revisions\/615"}],"wp:attachment":[{"href":"https:\/\/zp1.edu.wroclaw.pl\/index.php\/wp-json\/wp\/v2\/media?parent=62"}],"curies":[{"name":"wp","href":"https:\/\/api.w.org\/{rel}","templated":true}]}}